{"id":460,"date":"2024-01-13T17:28:05","date_gmt":"2024-01-13T16:28:05","guid":{"rendered":"https:\/\/myriamleduffdramatherapeute.fr\/?page_id=460"},"modified":"2025-10-17T13:13:28","modified_gmt":"2025-10-17T11:13:28","slug":"reservation","status":"publish","type":"page","link":"https:\/\/myriamleduffdramatherapeute.fr\/index.php\/reservation\/","title":{"rendered":"Contact et prise de rendez-vous"},"content":{"rendered":"\n<figure class=\"wp-block-image aligncenter size-full is-resized\"><img loading=\"lazy\" decoding=\"async\" width=\"334\" height=\"186\" src=\"https:\/\/myriamleduffdramatherapeute.fr\/wp-content\/uploads\/2025\/10\/logo-entete-.png\" alt=\"\" class=\"wp-image-887\" style=\"width:422px;height:auto\" srcset=\"https:\/\/myriamleduffdramatherapeute.fr\/wp-content\/uploads\/2025\/10\/logo-entete-.png 334w, https:\/\/myriamleduffdramatherapeute.fr\/wp-content\/uploads\/2025\/10\/logo-entete--300x167.png 300w\" sizes=\"auto, (max-width: 334px) 100vw, 334px\" \/><\/figure>\n\n\n\n<p class=\"has-ti-fg-color has-text-color has-link-color has-normal-font-size wp-elements-a6780c1b8150be50c9142118a179faf4\">Contactez-moi en remplissant le formulaire de contact pour toutes questions et prise de rendez-vous :<\/p>\n\n\n\n<p class=\"has-normal-font-size\"><\/p>\n\n\n\n<div id=\"wp-block-themeisle-blocks-form-4418a371\" class=\"wp-block-themeisle-blocks-form\" data-option-name=\"bf9b28ff82ce323187abc5d0feb0d8f07ecd8436_4418a371\"><form class=\"otter-form__container\">\n<div id=\"wp-block-themeisle-blocks-form-input-034a9cf5\" class=\"wp-block-themeisle-blocks-form-input\"><label for=\"wp-block-themeisle-blocks-form-input-034a9cf5-input\" class=\"otter-form-input-label\"><span class=\"otter-form-input-label__label\">NOM<\/span><span class=\"required\">*<\/span><\/label><input type=\"text\" id=\"wp-block-themeisle-blocks-form-input-034a9cf5-input\" required class=\"otter-form-input\"\/><\/div>\n\n\n\n<div id=\"wp-block-themeisle-blocks-form-input-15eda8b8\" class=\"wp-block-themeisle-blocks-form-input\"><label for=\"wp-block-themeisle-blocks-form-input-15eda8b8-input\" class=\"otter-form-input-label\"><span class=\"otter-form-input-label__label\">Email<\/span><span class=\"required\">*<\/span><\/label><input type=\"email\" id=\"wp-block-themeisle-blocks-form-input-15eda8b8-input\" required class=\"otter-form-input\"\/><\/div>\n\n\n<div class=\"protection\" aria-hidden=\"true\"><input type=\"hidden\" id=\"wp-block-themeisle-blocks-form-4418a371_nonce_field\" name=\"wp-block-themeisle-blocks-form-4418a371_nonce_field\" value=\"36537ef71e\" \/><input type=\"hidden\" name=\"_wp_http_referer\" value=\"\/index.php\/wp-json\/wp\/v2\/pages\/460\" \/><input class=\"o-anti-bot\" type=\"checkbox\"><\/div>\n\n\n<div id=\"wp-block-themeisle-blocks-form-textarea-247765f0\" class=\"wp-block-themeisle-blocks-form-textarea\"><label for=\"wp-block-themeisle-blocks-form-textarea-247765f0-input\" class=\"otter-form-textarea-label\"><span class=\"otter-form-textarea-label__label\">Message<\/span><\/label><textarea id=\"wp-block-themeisle-blocks-form-textarea-247765f0-input\" rows=\"10\" class=\"otter-form-textarea-input\"><\/textarea><\/div>\n\n\n\n<p class=\"has-extra-small-font-size\">Vous acceptez de recevoir une communication par courrier \u00e9lectronique de notre part en soumettant ce formulaire, et vous comprenez que vos coordonn\u00e9es seront stock\u00e9es chez nous. Voir les <a href=\"https:\/\/myriamleduffdramatherapeute.fr\/index.php\/mentions-legales\/\" data-type=\"page\" data-id=\"463\">mentions l\u00e9gales<\/a>.<\/p>\n<div class=\"wp-block-button\"><button class=\"wp-block-button__link\" type=\"submit\">Submit<\/button><\/div><\/form><\/div>\n\n\n\n<div class=\"wp-block-cover aligncenter is-light\" style=\"min-height:190px;aspect-ratio:unset;\"><img loading=\"lazy\" decoding=\"async\" width=\"208\" height=\"205\" class=\"wp-block-cover__image-background wp-image-881 size-full\" alt=\"\" src=\"https:\/\/myriamleduffdramatherapeute.fr\/wp-content\/uploads\/2025\/10\/Capture-decran-2025-10-17-065628.png\" data-object-fit=\"cover\"\/><span aria-hidden=\"true\" class=\"wp-block-cover__background has-background-dim\" style=\"background-color:#dfa7b7\"><\/span><div class=\"wp-block-cover__inner-container is-layout-flow wp-block-cover-is-layout-flow\">\n<p class=\"has-text-align-center has-large-font-size\"><a href=\"https:\/\/www.instagram.com\/djibouti.art.therapie?utm_source=ig_web_button_share_sheet&amp;igsh=ZDNlZDc0MzIxNw==\">@djibouti.art.therapie<\/a><\/p>\n<\/div><\/div>\n\n\n\n<p>Retrouvez l&rsquo;actualit\u00e9 de l&rsquo;activit\u00e9 de l&rsquo;art-th\u00e9rapie \u00e0 Djibouti-Ville sur Instagram.<\/p>\n","protected":false},"excerpt":{"rendered":"<p>Contactez-moi en remplissant le formulaire de contact pour toutes questions et prise de rendez-vous : Retrouvez l&rsquo;actualit\u00e9 de l&rsquo;activit\u00e9 de l&rsquo;art-th\u00e9rapie \u00e0 Djibouti-Ville sur Instagram.<\/p>\n","protected":false},"author":1,"featured_media":885,"parent":0,"menu_order":0,"comment_status":"closed","ping_status":"closed","template":"","meta":{"_themeisle_gutenberg_block_has_review":false,"footnotes":""},"class_list":["post-460","page","type-page","status-publish","has-post-thumbnail","hentry"],"_links":{"self":[{"href":"https:\/\/myriamleduffdramatherapeute.fr\/index.php\/wp-json\/wp\/v2\/pages\/460","targetHints":{"allow":["GET"]}}],"collection":[{"href":"https:\/\/myriamleduffdramatherapeute.fr\/index.php\/wp-json\/wp\/v2\/pages"}],"about":[{"href":"https:\/\/myriamleduffdramatherapeute.fr\/index.php\/wp-json\/wp\/v2\/types\/page"}],"author":[{"embeddable":true,"href":"https:\/\/myriamleduffdramatherapeute.fr\/index.php\/wp-json\/wp\/v2\/users\/1"}],"replies":[{"embeddable":true,"href":"https:\/\/myriamleduffdramatherapeute.fr\/index.php\/wp-json\/wp\/v2\/comments?post=460"}],"version-history":[{"count":18,"href":"https:\/\/myriamleduffdramatherapeute.fr\/index.php\/wp-json\/wp\/v2\/pages\/460\/revisions"}],"predecessor-version":[{"id":894,"href":"https:\/\/myriamleduffdramatherapeute.fr\/index.php\/wp-json\/wp\/v2\/pages\/460\/revisions\/894"}],"wp:featuredmedia":[{"embeddable":true,"href":"https:\/\/myriamleduffdramatherapeute.fr\/index.php\/wp-json\/wp\/v2\/media\/885"}],"wp:attachment":[{"href":"https:\/\/myriamleduffdramatherapeute.fr\/index.php\/wp-json\/wp\/v2\/media?parent=460"}],"curies":[{"name":"wp","href":"https:\/\/api.w.org\/{rel}","templated":true}]}}