{"id":459,"date":"2024-01-13T17:27:08","date_gmt":"2024-01-13T16:27:08","guid":{"rendered":"https:\/\/myriamleduffdramatherapeute.fr\/?page_id=459"},"modified":"2025-10-17T10:29:34","modified_gmt":"2025-10-17T08:29:34","slug":"horaires-et-tarifs","status":"publish","type":"page","link":"https:\/\/myriamleduffdramatherapeute.fr\/index.php\/horaires-et-tarifs\/","title":{"rendered":"Horaires et tarifs"},"content":{"rendered":"\n<p style=\"font-size:20px\">Prise de rendez-vous par t\u00e9l\u00e9phone : + 253 77 33 02 16 <\/p>\n\n\n\n<p style=\"font-size:20px\">et par e-mail : djiboutiart@gmail.com<\/p>\n\n\n\n<figure class=\"wp-block-table\"><table><tbody><tr><td>Jours<\/td><td>Horaires des s\u00e9ances<\/td><\/tr><tr><td>Dimanche<\/td><td>18h30 \u00e0 20h (dernier rendez-vous \u00e0 19h)<\/td><\/tr><tr><td>lundi<\/td><td>08h00 \u00e0 12h30 \/ 14h \u00e0 20h (dernier rendez-vous \u00e0 11h30 pour le matin et \u00e0 19h pour le soir)<\/td><\/tr><tr><td>Mardi<\/td><td>08h00 \u00e0 12h30 \/ 14h \u00e0 20h (dernier rendez-vous \u00e0 11h30 pour le matin et \u00e0 19h pour le soir)<\/td><\/tr><tr><td>Mercredi<\/td><td>08h00 \u00e0 12h30 \/ 14h \u00e0 20h (dernier rendez-vous \u00e0 11h30 pour le matin et \u00e0 19h pour le soir)<\/td><\/tr><tr><td>Jeudi<\/td><td>08h00 \u00e0 12h30 \/ 14h \u00e0 20h (dernier rendez-vous \u00e0 11h30 pour le matin et \u00e0 19h pour le soir)<\/td><\/tr><\/tbody><\/table><\/figure>\n\n\n\n<p>(Horaires suceptibles d&rsquo;\u00eatre modifi\u00e9es.)<\/p>\n\n\n\n<p>TARIFS :<\/p>\n\n\n\n<ul class=\"wp-block-list\">\n<li>S\u00e9ance en individuel de 45 mn \u00e0 1 h : 8 000 FDJ<\/li>\n\n\n\n<li>S\u00e9ance en groupe 1h30 : 4 000 FDJ\/pers<\/li>\n<\/ul>\n\n\n\n<hr class=\"wp-block-separator has-alpha-channel-opacity is-style-dots\" style=\"margin-top:var(--wp--preset--spacing--30);margin-bottom:var(--wp--preset--spacing--30)\"\/>\n\n\n\n<p>*Tarifs non soumis \u00e0 la TVA :  TVA non applicable selon l\u2019article 293 B du Code G\u00e9n\u00e9ral des Imp\u00f4ts. Suite \u00e0 des impay\u00e9s par ch\u00e8que, merci de favoriser un r\u00e8glement par carte bancaire, virement ou esp\u00e8ce. Les ch\u00e8ques restent n\u00e9anmoins accept\u00e9s.<\/p>\n\n\n\n<p><\/p>\n","protected":false},"excerpt":{"rendered":"<p>Prise de rendez-vous par t\u00e9l\u00e9phone : + 253 77 33 02 16 et par e-mail : djiboutiart@gmail.com Jours Horaires des s\u00e9ances Dimanche 18h30 \u00e0 20h (dernier rendez-vous \u00e0 19h) lundi 08h00 \u00e0 12h30 \/ 14h \u00e0 20h (dernier rendez-vous \u00e0 11h30 pour le matin et \u00e0 19h pour le soir) Mardi 08h00 \u00e0 12h30 \/ [&hellip;]<\/p>\n","protected":false},"author":1,"featured_media":0,"parent":0,"menu_order":0,"comment_status":"closed","ping_status":"closed","template":"","meta":{"_themeisle_gutenberg_block_has_review":false,"footnotes":""},"class_list":["post-459","page","type-page","status-publish","hentry"],"_links":{"self":[{"href":"https:\/\/myriamleduffdramatherapeute.fr\/index.php\/wp-json\/wp\/v2\/pages\/459","targetHints":{"allow":["GET"]}}],"collection":[{"href":"https:\/\/myriamleduffdramatherapeute.fr\/index.php\/wp-json\/wp\/v2\/pages"}],"about":[{"href":"https:\/\/myriamleduffdramatherapeute.fr\/index.php\/wp-json\/wp\/v2\/types\/page"}],"author":[{"embeddable":true,"href":"https:\/\/myriamleduffdramatherapeute.fr\/index.php\/wp-json\/wp\/v2\/users\/1"}],"replies":[{"embeddable":true,"href":"https:\/\/myriamleduffdramatherapeute.fr\/index.php\/wp-json\/wp\/v2\/comments?post=459"}],"version-history":[{"count":16,"href":"https:\/\/myriamleduffdramatherapeute.fr\/index.php\/wp-json\/wp\/v2\/pages\/459\/revisions"}],"predecessor-version":[{"id":892,"href":"https:\/\/myriamleduffdramatherapeute.fr\/index.php\/wp-json\/wp\/v2\/pages\/459\/revisions\/892"}],"wp:attachment":[{"href":"https:\/\/myriamleduffdramatherapeute.fr\/index.php\/wp-json\/wp\/v2\/media?parent=459"}],"curies":[{"name":"wp","href":"https:\/\/api.w.org\/{rel}","templated":true}]}}