{"id":458,"date":"2024-01-13T17:27:30","date_gmt":"2024-01-13T16:27:30","guid":{"rendered":"https:\/\/myriamleduffdramatherapeute.fr\/?page_id=458"},"modified":"2025-10-17T10:12:02","modified_gmt":"2025-10-17T08:12:02","slug":"les-seances","status":"publish","type":"page","link":"https:\/\/myriamleduffdramatherapeute.fr\/index.php\/les-seances\/","title":{"rendered":"Les S\u00e9ances"},"content":{"rendered":"\n<p class=\"has-normal-font-size\"><strong>L&rsquo; Objectif des s\u00e9ances :<\/strong><\/p>\n\n\n\n<p class=\"has-normal-font-size\"><br>Dans un cadre s\u00e9curisant et bienveillant, je propose pour tout \u00e2ge une aide \u00e0 l&rsquo;expression des ressentis et du v\u00e9cu afin de :<\/p>\n\n\n\n<ul class=\"wp-block-list\">\n<li>D\u00e9velopper votre confiance en vous et votre estime de vous.<\/li>\n\n\n\n<li>Stimuler votre cr\u00e9ativit\u00e9 et votre imagination.<\/li>\n\n\n\n<li>Renforcer votre identit\u00e9 et votre autonomie.<\/li>\n\n\n\n<li>Imaginer des solutions \u00e0 vos probl\u00e9matiques.<\/li>\n\n\n\n<li>Vivre des exp\u00e9riences positives et enrichissantes.<\/li>\n<\/ul>\n\n\n\n<blockquote class=\"wp-block-quote is-style-default has-ti-bg-alt-background-color has-background is-layout-flow wp-block-quote-is-layout-flow\">\n<p><\/p>\n<cite>\u00ab&nbsp;<em>L\u2019Art-th\u00e9rapie est une fa\u00e7on de parler de soi sans dire \u201cJe\u201d<\/em>.&nbsp;\u00bb Jean-Pierre Klein, psychiatre et chercheur en psychoth\u00e9rapie.<\/cite><\/blockquote>\n\n\n\n<div id=\"wp-block-themeisle-blocks-slider-7bc03909\" class=\"wp-block-themeisle-blocks-slider glide\" data-per-view=\"1\" data-gap=\"0\" data-peek=\"0\" data-autoplay=\"true\" data-height=\"400px\" data-hide-arrows=\"false\"><div class=\"glide__track\" data-glide-el=\"track\"><div class=\"glide__slides\"><div class=\"wp-block-themeisle-blocks-slider-item-wrapper glide__slide\" tabindex=\"0\"><figure><img decoding=\"async\" class=\"wp-block-themeisle-blocks-slider-item\" src=\"https:\/\/myriamleduffdramatherapeute.fr\/wp-content\/uploads\/2024\/02\/IMG_3508-1-scaled.jpeg\" alt=\"\" title=\"\" data-id=\"867\"\/><\/figure><\/div><div class=\"wp-block-themeisle-blocks-slider-item-wrapper glide__slide\" tabindex=\"0\"><figure><img decoding=\"async\" class=\"wp-block-themeisle-blocks-slider-item\" src=\"https:\/\/myriamleduffdramatherapeute.fr\/wp-content\/uploads\/2024\/01\/IMG_0308.jpeg\" alt=\"\" title=\"\" data-id=\"671\"\/><\/figure><\/div><\/div><div class=\"glide__bullets\" data-glide-el=\"controls[nav]\"><button class=\"glide__bullet\" data-glide-dir=\"=0\"><\/button><button class=\"glide__bullet\" data-glide-dir=\"=1\"><\/button><\/div><\/div><\/div>\n\n\n\n<p class=\"has-normal-font-size\">J\u2019adapte chaque s\u00e9ance \u00e0 votre rythme, \u00e0 votre sensibilit\u00e9 et \u00e0 vos objectifs. Si vous souhaitez en savoir plus sur le d\u00e9roulement d\u2019une s\u00e9ance en Dramath\u00e9rapie, n&rsquo;h\u00e9sitez pas \u00e0 me poser vos questions via <a href=\"https:\/\/myriamleduffdramatherapeute.fr\/index.php\/reservation\/\" data-type=\"page\" data-id=\"460\">le formulaire de contact<\/a>.<br><\/p>\n\n\n\n<div style=\"height:30px\" aria-hidden=\"true\" class=\"wp-block-spacer\"><\/div>\n\n\n\n<div style=\"height:30px\" aria-hidden=\"true\" class=\"wp-block-spacer\"><\/div>\n\n\n\n<div style=\"height:30px\" aria-hidden=\"true\" class=\"wp-block-spacer\"><\/div>\n","protected":false},"excerpt":{"rendered":"<p>L&rsquo; Objectif des s\u00e9ances : Dans un cadre s\u00e9curisant et bienveillant, je propose pour tout \u00e2ge une aide \u00e0 l&rsquo;expression des ressentis et du v\u00e9cu afin de : \u00ab&nbsp;L\u2019Art-th\u00e9rapie est une fa\u00e7on de parler de soi sans dire \u201cJe\u201d.&nbsp;\u00bb Jean-Pierre Klein, psychiatre et chercheur en psychoth\u00e9rapie. J\u2019adapte chaque s\u00e9ance \u00e0 votre rythme, \u00e0 votre sensibilit\u00e9 [&hellip;]<\/p>\n","protected":false},"author":1,"featured_media":0,"parent":0,"menu_order":0,"comment_status":"closed","ping_status":"closed","template":"","meta":{"_themeisle_gutenberg_block_has_review":false,"footnotes":""},"class_list":["post-458","page","type-page","status-publish","hentry"],"_links":{"self":[{"href":"https:\/\/myriamleduffdramatherapeute.fr\/index.php\/wp-json\/wp\/v2\/pages\/458","targetHints":{"allow":["GET"]}}],"collection":[{"href":"https:\/\/myriamleduffdramatherapeute.fr\/index.php\/wp-json\/wp\/v2\/pages"}],"about":[{"href":"https:\/\/myriamleduffdramatherapeute.fr\/index.php\/wp-json\/wp\/v2\/types\/page"}],"author":[{"embeddable":true,"href":"https:\/\/myriamleduffdramatherapeute.fr\/index.php\/wp-json\/wp\/v2\/users\/1"}],"replies":[{"embeddable":true,"href":"https:\/\/myriamleduffdramatherapeute.fr\/index.php\/wp-json\/wp\/v2\/comments?post=458"}],"version-history":[{"count":27,"href":"https:\/\/myriamleduffdramatherapeute.fr\/index.php\/wp-json\/wp\/v2\/pages\/458\/revisions"}],"predecessor-version":[{"id":891,"href":"https:\/\/myriamleduffdramatherapeute.fr\/index.php\/wp-json\/wp\/v2\/pages\/458\/revisions\/891"}],"wp:attachment":[{"href":"https:\/\/myriamleduffdramatherapeute.fr\/index.php\/wp-json\/wp\/v2\/media?parent=458"}],"curies":[{"name":"wp","href":"https:\/\/api.w.org\/{rel}","templated":true}]}}