{"id":457,"date":"2024-01-13T17:27:16","date_gmt":"2024-01-13T16:27:16","guid":{"rendered":"https:\/\/myriamleduffdramatherapeute.fr\/?page_id=457"},"modified":"2025-10-17T10:05:46","modified_gmt":"2025-10-17T08:05:46","slug":"ladramatherapie","status":"publish","type":"page","link":"https:\/\/myriamleduffdramatherapeute.fr\/index.php\/ladramatherapie\/","title":{"rendered":"La Dramath\u00e9rapie"},"content":{"rendered":"\n<p class=\"has-medium-font-size\"><strong>La Dramath\u00e9rapie en quelques mots :<\/strong><\/p>\n\n\n\n<p class=\"has-normal-font-size\">La Dramath\u00e9rapie est une approche th\u00e9rapeutique qui utilise le jeu th\u00e9\u00e2tral, l&rsquo;expression corporelle, la voix, l&rsquo;\u00e9criture, le masque, la marionnette et d&rsquo;autres formes artistiques pour vous accompagner dans votre processus de gu\u00e9rison, de croissance et de transformation.  La Dramath\u00e9rapie s&rsquo;adresse \u00e0 toute personne qui souhaite explorer ses \u00e9motions, ses conflits, ses relations, ses r\u00eaves, ses peurs, ses d\u00e9sirs et potentialit\u00e9s, dans un cadre s\u00e9curisant et bienveillant. Au cours des s\u00e9ances vous b\u00e9n\u00e9ficiez d&rsquo;un cadre \u00e0 la fois rigoureux et cr\u00e9atif. <\/p>\n\n\n\n<p class=\"has-normal-font-size\">La Dramath\u00e9rapie est l&rsquo;un des quatre principaux accompagnement th\u00e9rapeutique, aux c\u00f4t\u00e9s de la Musicoth\u00e9rapie, la Danse-th\u00e9rapie et l&rsquo;Art plastique-th\u00e9rapie. Les activit\u00e9s de la Dramath\u00e9rapie peuvent prendre des formes diff\u00e9rentes selon les probl\u00e9matiques : pr\u00e9vention, socialisation, att\u00e9nuation des conflits, r\u00e9insertion, etc. Elle peut s&rsquo;adresser \u00e0 tout public, enfants, adolescents, adultes, personnes \u00e2g\u00e9es et s&rsquo;inscrit dans de nombreux cadres : l&rsquo;h\u00f4pital, l&rsquo;\u00e9cole, le social, le socio-\u00e9ducatif, le milieu carc\u00e9ral, le milieu associatif, le lib\u00e9ral, plus r\u00e9cemment l&rsquo;entreprise. La Dramath\u00e9rapie s&rsquo;appuie sur les \u00e9l\u00e9ments concrets et symboliques du th\u00e9\u00e2tre : la sc\u00e8ne, le regard, le personnage, la fiction, la repr\u00e9sentation, la mise en sc\u00e8ne, le r\u00f4le, le texte, la voix, le corps, l&rsquo;espace, \u00eatre acteur, \u00eatre spectateur, \u00eatre en coulisse, le groupe, le jeu, le dialogue.<\/p>\n","protected":false},"excerpt":{"rendered":"<p>La Dramath\u00e9rapie en quelques mots : La Dramath\u00e9rapie est une approche th\u00e9rapeutique qui utilise le jeu th\u00e9\u00e2tral, l&rsquo;expression corporelle, la voix, l&rsquo;\u00e9criture, le masque, la marionnette et d&rsquo;autres formes artistiques pour vous accompagner dans votre processus de gu\u00e9rison, de croissance et de transformation. La Dramath\u00e9rapie s&rsquo;adresse \u00e0 toute personne qui souhaite explorer ses \u00e9motions, ses [&hellip;]<\/p>\n","protected":false},"author":1,"featured_media":0,"parent":0,"menu_order":0,"comment_status":"closed","ping_status":"closed","template":"","meta":{"_themeisle_gutenberg_block_has_review":false,"footnotes":""},"class_list":["post-457","page","type-page","status-publish","hentry"],"_links":{"self":[{"href":"https:\/\/myriamleduffdramatherapeute.fr\/index.php\/wp-json\/wp\/v2\/pages\/457","targetHints":{"allow":["GET"]}}],"collection":[{"href":"https:\/\/myriamleduffdramatherapeute.fr\/index.php\/wp-json\/wp\/v2\/pages"}],"about":[{"href":"https:\/\/myriamleduffdramatherapeute.fr\/index.php\/wp-json\/wp\/v2\/types\/page"}],"author":[{"embeddable":true,"href":"https:\/\/myriamleduffdramatherapeute.fr\/index.php\/wp-json\/wp\/v2\/users\/1"}],"replies":[{"embeddable":true,"href":"https:\/\/myriamleduffdramatherapeute.fr\/index.php\/wp-json\/wp\/v2\/comments?post=457"}],"version-history":[{"count":7,"href":"https:\/\/myriamleduffdramatherapeute.fr\/index.php\/wp-json\/wp\/v2\/pages\/457\/revisions"}],"predecessor-version":[{"id":889,"href":"https:\/\/myriamleduffdramatherapeute.fr\/index.php\/wp-json\/wp\/v2\/pages\/457\/revisions\/889"}],"wp:attachment":[{"href":"https:\/\/myriamleduffdramatherapeute.fr\/index.php\/wp-json\/wp\/v2\/media?parent=457"}],"curies":[{"name":"wp","href":"https:\/\/api.w.org\/{rel}","templated":true}]}}